{"id":12,"date":"2016-04-20T15:54:44","date_gmt":"2016-04-20T13:54:44","guid":{"rendered":"http:\/\/kspan.pan.pl\/?page_id=12"},"modified":"2024-06-04T21:50:21","modified_gmt":"2024-06-04T19:50:21","slug":"dzialania-komitetu","status":"publish","type":"page","link":"https:\/\/oldkspan.pan.pl\/?page_id=12","title":{"rendered":"Dzia\u0142alno\u015b\u0107 Komitetu"},"content":{"rendered":"<p><b><span style=\"color: #191e23;\">PROTOKO\u0141Y\u00a0 Z POSIEDZE\u0143 KOMITETU SOCJOLOGII PAN<\/span><\/b><\/p>\n<p>ROK 2024<\/p>\n<p><a href=\"http:\/\/kspan.pan.pl\/wp-content\/uploads\/2024\/06\/Protokol-z-I-posiedzenia-KS-kadencji-2024-2027.pdf\">Protokol-z-I-posiedzenia-KS-kadencji-2024-2027<\/a><\/p>\n<p><a href=\"http:\/\/kspan.pan.pl\/wp-content\/uploads\/2024\/06\/zebranie-Prezydium_20.05.2024_wersja_skrocona-1.pdf\">zebranie-Prezydium_20.05.2024_wersja_skrocona-1<\/a><\/p>\n<p>ROK 2020<\/p>\n<p><a href=\"http:\/\/kspan.pan.pl\/wp-content\/uploads\/2020\/06\/Protok\u00f3\u0142-z-posiedzenia-Komitetu-Socjologii-18-maja-2020.pdf\">Protok\u00f3\u0142 z posiedzenia Komitetu Socjologii, 18 maja 2020<\/a><\/p>\n<p><b><span style=\"display: inline !important; float: none; background-color: transparent; color: #191e23; cursor: text; font-family: 'Noto Serif'; font-size: 16px; font-style: normal; font-variant: normal; font-weight: 400; letter-spacing: normal; orphans: 2; text-align: left; text-decoration: none; text-indent: 0px; text-transform: none; -webkit-text-stroke-width: 0px; white-space: normal; word-spacing: 0px;\">ROK 2019<\/span><\/b><\/p>\n<p><b><a href=\"http:\/\/kspan.pan.pl\/wp-content\/uploads\/2019\/10\/Protok\u00f3\u0142-z-posiedzenia-Komitetu-Socjologii-12-wrze\u015bnia-2019.pdf\">Protok\u00f3\u0142 z posiedzenia Komitetu Socjologii 12 wrze\u015bnia 2019<\/a><\/b><\/p>\n<p><a href=\"http:\/\/kspan.pan.pl\/wp-content\/uploads\/2019\/06\/Protok\u00f3\u0142-z-posiedzenia-Komitetu-Socjologii-15-kwietnia-2019.pdf\">Protok\u00f3\u0142 z posiedzenia Komitetu Socjologii 15 kwietnia 2019<\/a><\/p>\n<p><b><\/b>ROK 2018<\/p>\n<p><a href=\"http:\/\/kspan.pan.pl\/wp-content\/uploads\/2016\/04\/Protok\u00f3\u0142-z-posiedzenia-Komitetu-Socjologii-14-listopada-2018.pdf\">Protok\u00f3\u0142 z posiedzenia Komitetu Socjologii 14 listopada 2018<\/a><\/p>\n<p><a href=\"http:\/\/kspan.pan.pl\/wp-content\/uploads\/2016\/04\/Protok\u00f3\u0142-z-posiedzenia-Komitetu-Socjologii-20-wrze\u015bnia-2018.pdf\">Protok\u00f3\u0142 z posiedzenia Komitetu Socjologii 20 wrze\u015bnia 2018<\/a><\/p>\n<p><a href=\"http:\/\/kspan.pan.pl\/wp-content\/uploads\/2016\/04\/Protok\u00f3\u0142-z-posiedzenia-Komitetu-Socjologii-20-czerwca-2018.pdf\">Protok\u00f3\u0142 z posiedzenia Komitetu Socjologii 20 czerwca 2018<\/a><\/p>\n<p><a href=\"http:\/\/kspan.pan.pl\/wp-content\/uploads\/2016\/04\/Protok\u00f3\u0142-z-posiedzenia-Komitetu-Socjologii-28-lutego-2018.pdf\">Protok\u00f3\u0142 z posiedzenia Komitetu Socjologii 28 lutego 2018<\/a><\/p>\n<p>ROK 2017<\/p>\n<p><a href=\"http:\/\/kspan.pan.pl\/wp-content\/uploads\/2016\/04\/Protok\u00f3\u0142-z-posiedzenia-Komitetu-Socjologii-20-wrze\u015bnia-2017.pdf\">Protok\u00f3\u0142 z posiedzenia Komitetu Socjologii, 20 wrze\u015bnia 2017<\/a><\/p>\n<p><a href=\"http:\/\/kspan.pan.pl\/wp-content\/uploads\/2016\/04\/Protok\u00f3\u0142-z-posiedzenia-Komitetu-Socjologii-10-maja-2017.pdf\">Protok\u00f3\u0142 z posiedzenia Komitetu Socjologii, 10 maja 2017<\/a><\/p>\n<p><a href=\"http:\/\/kspan.pan.pl\/wp-content\/uploads\/2016\/04\/Protok\u00f3\u0142-z-posiedzenia-Komitetu-Socjologii-18-stycznia-2017.pdf\">Protok\u00f3\u0142 z posiedzenia Komitetu Socjologii, 18 stycznia 2017<\/a><\/p>\n<p>ROK 2016<\/p>\n<p><a href=\"http:\/\/kspan.pan.pl\/wp-content\/uploads\/2016\/04\/Protok\u00f3\u0142-z-posiedzenia-Komitetu-Socjologii-7-pa\u017adziernika-2016-r..pdf\">Protok\u00f3\u0142 z posiedzenia Komitetu Socjologii, 7 pa\u017adziernika 2016 r.<\/a><\/p>\n<p><a href=\"http:\/\/kspan.pan.pl\/wp-content\/uploads\/2016\/04\/Protok\u00f3\u0142-z-posiedzenia-Komitetu-Socjologii-1-czerwca-2016.pdf\">Protok\u00f3\u0142 z posiedzenia Komitetu Socjologii, 1 czerwca 201<\/a><a href=\"http:\/\/kspan.pan.pl\/wp-content\/uploads\/2016\/04\/Protok\u00f3\u0142-z-posiedzenia-Komitetu-Socjologii-1-czerwca-2016.pdf\">6<\/a><\/p>\n<p><a href=\"http:\/\/kspan.pan.pl\/wp-content\/uploads\/2016\/04\/Protok\u00f3\u0142-z-posiedzenia-Komitetu-Socjologii-26-stycznia-2016.pdf\">Protok\u00f3\u0142 z posiedzenia Komitetu Socjologii, 26 stycznia 2016<\/a><\/p>\n<p>ROK 2015<\/p>\n<p>Posiedzenie wyjazdowe na Uniwersytecie Miko\u0142aja Kopernika, w dniu <strong>23<\/strong> <strong>kwietnia<\/strong> <strong>2015<\/strong><\/p>\n<p><a href=\"http:\/\/kspan.pan.pl\/wp-content\/uploads\/2016\/04\/Protok\u00f3\u0142-z-posiedzenia-Komitetu-Socjologii-4-marca-2015.pdf\">Protok\u00f3\u0142 z posiedzenia Komitetu Socjologii, 4 marca 2015<\/a><\/p>\n<p>ROK 2014<\/p>\n<p><a href=\"http:\/\/kspan.pan.pl\/wp-content\/uploads\/2016\/04\/Protok\u00f3\u0142-z-posiedzenia-Komitetu-Socjologii-5-listopada-2014.pdf\">Protok\u00f3\u0142 z posiedzenia Komitetu Socjologii 5 listopada 2014<\/a><\/p>\n<p><a href=\"http:\/\/kspan.pan.pl\/wp-content\/uploads\/2016\/04\/Protok\u00f3\u0142-z-posiedzenia-Komitetu-Socjologii-2-lipca-2014.pdf\">Protok\u00f3\u0142 z posiedzenia Komitetu Socjologii, 2 lipca 2014<\/a><\/p>\n<p><a href=\"http:\/\/kspan.pan.pl\/wp-content\/uploads\/2016\/04\/Protoko\u0142-z-posiedzenia-Komitetu-Socjologii-PAN-5-lutego-2014-r..pdf\">Protok\u00f3\u0142 z posiedzenia Komitetu Socjologii PAN, 5 lutego 2014 r.<\/a><\/p>\n<p>ROK 2013<\/p>\n<p><a href=\"http:\/\/kspan.pan.pl\/wp-content\/uploads\/2016\/04\/Protoko\u0142-z-posiedzenia-Komitetu-Socjologii-PAN-20-Listopada-2013-r..pdf\">Protok\u00f3\u0142 z posiedzenia Komitetu Socjologii PAN, 20 Listopada 2013 r.<\/a><\/p>\n<p><a href=\"http:\/\/kspan.pan.pl\/wp-content\/uploads\/2016\/04\/Protok\u00f3\u0142-z-posiedzenia-Komitetu-Socjologii19-czerwca-2013.pdf\">Protok\u00f3\u0142 z posiedzenia Komitetu Socjologii,19 czerwca 2013<\/a><\/p>\n<p><a href=\"http:\/\/kspan.pan.pl\/wp-content\/uploads\/2016\/04\/Protoko\u0142-z-posiedzenia-Komitetu-Socjologii-PAN-28-luty-2013-r..pdf\">Protok\u00f3\u0142 z posiedzenia Komitetu Socjologii PAN, 28 luty 2013 r.<\/a><\/p>\n<p>ROK 2012<\/p>\n<p><a href=\"http:\/\/kspan.pan.pl\/wp-content\/uploads\/2016\/04\/Protoko\u0142-z-posiedzenia-Komitetu-Socjologii-PAN-31-stycznia-2012-roku.pdf\">Protok\u00f3\u0142 z posiedzenia Komitetu Socjologii PAN, 31 stycznia 2012 roku<\/a><\/p>\n<p><a href=\"http:\/\/kspan.pan.pl\/wp-content\/uploads\/2016\/04\/Protoko\u0142-z-posiedzenia-Komitetu-Socjologii-PAN-4-kwietnia-2012-roku.pdf\">Protok\u00f3\u0142 z posiedzenia Komitetu Socjologii PAN, 4 kwietnia 2012 roku<\/a><\/p>\n<p><a href=\"http:\/\/kspan.pan.pl\/wp-content\/uploads\/2016\/04\/Protoko\u0142-z-posiedzenia-Komitetu-Socjologii-PAN-20-czerwca-2012-r..pdf\">Protok\u00f3\u0142 z posiedzenia Komitetu Socjologii PAN, 20 czerwca 2012 r.<\/a><\/p>\n<p><a href=\"http:\/\/kspan.pan.pl\/wp-content\/uploads\/2016\/04\/Protoko\u0142-z-posiedzenia-Komitetu-Socjologii-PAN-7-listopada-2012r..pdf\">Protok\u00f3\u0142 z posiedzenia Komitetu Socjologii PAN, 7 listopada 2012 r.<\/a><\/p>\n","protected":false},"excerpt":{"rendered":"<p>PROTOKO\u0141Y\u00a0 Z POSIEDZE\u0143 KOMITETU SOCJOLOGII PAN ROK 2024 Protokol-z-I-posiedzenia-KS-kadencji-2024-2027 zebranie-Prezydium_20.05.2024_wersja_skrocona-1 ROK 2020 Protok\u00f3\u0142 z posiedzenia Komitetu Socjologii, 18 maja 2020 ROK 2019 Protok\u00f3\u0142 z posiedzenia Komitetu Socjologii 12 wrze\u015bnia 2019 Protok\u00f3\u0142 z posiedzenia Komitetu Socjologii 15 kwietnia 2019 ROK 2018 Protok\u00f3\u0142 z posiedzenia Komitetu Socjologii 14 listopada 2018 Protok\u00f3\u0142 z posiedzenia Komitetu Socjologii 20 wrze\u015bnia [&hellip;]<\/p>\n","protected":false},"author":1,"featured_media":0,"parent":0,"menu_order":2,"comment_status":"closed","ping_status":"closed","template":"","meta":{"_links_to":"","_links_to_target":""},"_links":{"self":[{"href":"https:\/\/oldkspan.pan.pl\/index.php?rest_route=\/wp\/v2\/pages\/12"}],"collection":[{"href":"https:\/\/oldkspan.pan.pl\/index.php?rest_route=\/wp\/v2\/pages"}],"about":[{"href":"https:\/\/oldkspan.pan.pl\/index.php?rest_route=\/wp\/v2\/types\/page"}],"author":[{"embeddable":true,"href":"https:\/\/oldkspan.pan.pl\/index.php?rest_route=\/wp\/v2\/users\/1"}],"replies":[{"embeddable":true,"href":"https:\/\/oldkspan.pan.pl\/index.php?rest_route=%2Fwp%2Fv2%2Fcomments&post=12"}],"version-history":[{"count":13,"href":"https:\/\/oldkspan.pan.pl\/index.php?rest_route=\/wp\/v2\/pages\/12\/revisions"}],"predecessor-version":[{"id":732,"href":"https:\/\/oldkspan.pan.pl\/index.php?rest_route=\/wp\/v2\/pages\/12\/revisions\/732"}],"wp:attachment":[{"href":"https:\/\/oldkspan.pan.pl\/index.php?rest_route=%2Fwp%2Fv2%2Fmedia&parent=12"}],"curies":[{"name":"wp","href":"https:\/\/api.w.org\/{rel}","templated":true}]}}