{"id":18,"date":"2016-04-20T15:56:42","date_gmt":"2016-04-20T13:56:42","guid":{"rendered":"http:\/\/kspan.pan.pl\/?page_id=18"},"modified":"2024-06-10T22:08:55","modified_gmt":"2024-06-10T20:08:55","slug":"inicjatywy-opinie-i-stanowiska","status":"publish","type":"page","link":"https:\/\/oldkspan.pan.pl\/?page_id=18","title":{"rendered":"Inicjatywy, opinie i stanowiska"},"content":{"rendered":"\n<div class=\"wp-block-file\"><a href=\"https:\/\/kspan.pan.pl\/wp-content\/uploads\/2024\/06\/Wniosek-KS-PAN-o-przywrocenie-nazwy-socjologii.pdf\">Wniosek KS PAN do Ministra Nauki i Szkolnictwa Wy\u017cszego, Dariusza Wieczorka, o przywr\u00f3cenie nazwy dyscypliny socjologia, z dnia 10 czerwca 2024 r.<\/a><a href=\"https:\/\/kspan.pan.pl\/wp-content\/uploads\/2024\/06\/Wniosek-KS-PAN-o-przywrocenie-nazwy-socjologii.pdf\" class=\"wp-block-file__button\" download>Pobierz<\/a><\/div>\n\n\n\n<div class=\"wp-block-group\"><div class=\"wp-block-group__inner-container\">\n<div class=\"wp-block-columns\">\n<div class=\"wp-block-column\" style=\"flex-basis:100%\">\n<div class=\"wp-block-file\"><a href=\"https:\/\/kspan.pan.pl\/wp-content\/uploads\/2024\/06\/Pismo-KS-PAN-do-Ministra-w-sprawie-punktacji-czasopism.pdf\">Tekst <strong>prof. Kazimierza M. S\u0142omczy\u0144skiego<\/strong> pt. <em>CO TO S\u0104 'NAUKI SOCJOLOGICZNE&#8217; W POLSKIEJ KLASYFIKACJI DZIEDZIN I DYSCYPLIN NAUKOWYCH? ANALIZA KONSEKWENCJI DECYZJI BIUROKRATYCZNYCH, &#8222;<\/em>STUDIA SOCJOLOGICZNE&#8221; 2020, NR 3 (239), s. 187-205 [DOI: 10.24425\/sts.2020.132475]<\/a><a href=\"https:\/\/kspan.pan.pl\/wp-content\/uploads\/2024\/06\/Pismo-KS-PAN-do-Ministra-w-sprawie-punktacji-czasopism.pdf\" class=\"wp-block-file__button\" download>Pobierz<\/a><\/div>\n\n\n\n<div class=\"wp-block-file\"><a href=\"https:\/\/kspan.pan.pl\/wp-content\/uploads\/2024\/06\/Pismo-KS-PAN-do-Ministra-w-sprawie-punktacji-czasopism-1.pdf\">Pismo KS PAN do MNiSW w sprawie punktacji czasopism, z dnia 10 czerwca 2024 r.<\/a><a href=\"https:\/\/kspan.pan.pl\/wp-content\/uploads\/2024\/06\/Pismo-KS-PAN-do-Ministra-w-sprawie-punktacji-czasopism-1.pdf\" class=\"wp-block-file__button\" download>Pobierz<\/a><\/div>\n<\/div>\n<\/div>\n<\/div><\/div>\n\n\n\n<div class=\"wp-block-file\"><a href=\"http:\/\/kspan.pan.pl\/wp-content\/uploads\/2020\/12\/Stanowisko-Komitetu-Socjologii-PAN-w-sprawie-wypowiedzi-MEiN-dr-hab.-P.-Czarnka.pdf\"><br>Stanowisko Komitetu Socjologii PAN w sprawie wypowiedzi MEiN dr hab. P. Czarnka, z dnia 17.11.2020<\/a><a href=\"http:\/\/kspan.pan.pl\/wp-content\/uploads\/2020\/12\/Stanowisko-Komitetu-Socjologii-PAN-w-sprawie-wypowiedzi-MEiN-dr-hab.-P.-Czarnka.pdf\" class=\"wp-block-file__button\" download>Pobierz<\/a><\/div>\n\n\n\n<div class=\"wp-block-file\"><a href=\"http:\/\/kspan.pan.pl\/wp-content\/uploads\/2020\/12\/Stanowisko-Prezydium-Komitetu-Socjologii-PAN-w-sprawie-decyzji-TK-i-aktualnej-sytuacji-w-kraju.pdf\">Stanowisko Prezydium Komitetu Socjologii PAN w sprawie decyzji TK i aktualnej sytuacji w kraju, z dnia 30.10.2020<\/a><a href=\"http:\/\/kspan.pan.pl\/wp-content\/uploads\/2020\/12\/Stanowisko-Prezydium-Komitetu-Socjologii-PAN-w-sprawie-decyzji-TK-i-aktualnej-sytuacji-w-kraju.pdf\" class=\"wp-block-file__button\" download>Pobierz<\/a><\/div>\n\n\n\n<div class=\"wp-block-file\"><a href=\"http:\/\/kspan.pan.pl\/wp-content\/uploads\/2020\/12\/Stanowsko-Prezydium-KS-PAN_dotycz\u0105ce-dzia\u0142a\u0144-prokuratury.pdf\">Stanowisko Prezydium KS PAN dotycz\u0105ce dzia\u0142a\u0144 prokuratury, z dnia 5.06.2020<\/a><a href=\"http:\/\/kspan.pan.pl\/wp-content\/uploads\/2020\/12\/Stanowsko-Prezydium-KS-PAN_dotycz\u0105ce-dzia\u0142a\u0144-prokuratury.pdf\" class=\"wp-block-file__button\" download>Pobierz<\/a><\/div>\n\n\n<p><a href=\"http:\/\/kspan.pan.pl\/wp-content\/uploads\/2016\/04\/NOTATKA-DOT.-PRACY-CENTRALNEJ-KOMISJI-DS.-STOPNI-I-TYTU\u0141OW.pdf\">Notatka dot. pracy Centralnej Komisji ds. Stopni i Tytu\u0142\u00f3w<\/a>&nbsp;&#8211; &nbsp;z posiedzenia plenarnego Komitetu Socjologii PAN&nbsp;w dniu 20 listopada 2013 r.<\/p>\n<p><a href=\"http:\/\/kspan.pan.pl\/wp-content\/uploads\/2016\/04\/ILE-SOCJOLOGII-JEDNA-CZY-WIELE.pdf\">&#8222;Ile Socjologii &#8211; jedna czy wiele?&#8221;<\/a> &#8211;&nbsp;Antoni Su\u0142ek<\/p>\n\n\n<p><\/p>\n","protected":false},"excerpt":{"rendered":"<p>Notatka dot. pracy Centralnej Komisji ds. Stopni i Tytu\u0142\u00f3w&nbsp;&#8211; &nbsp;z posiedzenia plenarnego Komitetu Socjologii PAN&nbsp;w dniu 20 listopada 2013 r. &#8222;Ile Socjologii &#8211; jedna czy wiele?&#8221; &#8211;&nbsp;Antoni Su\u0142ek<\/p>\n","protected":false},"author":2,"featured_media":0,"parent":12,"menu_order":3,"comment_status":"closed","ping_status":"closed","template":"templates\/front_1.php","meta":{"_links_to":"","_links_to_target":""},"_links":{"self":[{"href":"https:\/\/oldkspan.pan.pl\/index.php?rest_route=\/wp\/v2\/pages\/18"}],"collection":[{"href":"https:\/\/oldkspan.pan.pl\/index.php?rest_route=\/wp\/v2\/pages"}],"about":[{"href":"https:\/\/oldkspan.pan.pl\/index.php?rest_route=\/wp\/v2\/types\/page"}],"author":[{"embeddable":true,"href":"https:\/\/oldkspan.pan.pl\/index.php?rest_route=\/wp\/v2\/users\/2"}],"replies":[{"embeddable":true,"href":"https:\/\/oldkspan.pan.pl\/index.php?rest_route=%2Fwp%2Fv2%2Fcomments&post=18"}],"version-history":[{"count":12,"href":"https:\/\/oldkspan.pan.pl\/index.php?rest_route=\/wp\/v2\/pages\/18\/revisions"}],"predecessor-version":[{"id":751,"href":"https:\/\/oldkspan.pan.pl\/index.php?rest_route=\/wp\/v2\/pages\/18\/revisions\/751"}],"up":[{"embeddable":true,"href":"https:\/\/oldkspan.pan.pl\/index.php?rest_route=\/wp\/v2\/pages\/12"}],"wp:attachment":[{"href":"https:\/\/oldkspan.pan.pl\/index.php?rest_route=%2Fwp%2Fv2%2Fmedia&parent=18"}],"curies":[{"name":"wp","href":"https:\/\/api.w.org\/{rel}","templated":true}]}}