{"id":20,"date":"2016-04-20T15:57:03","date_gmt":"2016-04-20T13:57:03","guid":{"rendered":"http:\/\/kspan.pan.pl\/?page_id=20"},"modified":"2018-01-24T18:50:48","modified_gmt":"2018-01-24T17:50:48","slug":"archiwum","status":"publish","type":"page","link":"https:\/\/oldkspan.pan.pl\/?page_id=20","title":{"rendered":"Archiwum"},"content":{"rendered":"<p><strong>KONKURS NA STANOWISKO REDAKTORA NACZELNEGO &#8222;STUDI\u00d3W SOCJOLOGICZNYCH&#8221; &#8211; 2017<\/strong><\/p>\n<p><strong>Kolegium Wydawc\u00f3w og\u0142asza konkurs na stanowisko redaktora naczelnego <\/strong><strong>&#8222;Studi\u00f3w Socjologicznych&#8221; na lata 2017 &#8211; 2020.<\/strong><\/p>\n<p>Kolegium Wydawc\u00f3w zach\u0119ca socjolog\u00f3w &#8211; samodzielnych pracownik\u00f3w nauki &#8211; do sk\u0142adania ofert w terminie do <strong>31 marca 2017 roku<\/strong>, poczt\u0105 na adres:<\/p>\n<p>Instytut Filozofii i Socjologii Polskiej Akademii Nauk<\/p>\n<p>ul. Nowy \u015awiat 72, 00-330 Warszawa<\/p>\n<p>lub w formie elektronicznej: secretar@ifispan.waw.pl<\/p>\n<p><b>Tre\u015b\u0107 og\u0142oszenia<\/b>:<\/p>\n<p><a href=\"http:\/\/kspan.pan.pl\/wp-content\/uploads\/2017\/02\/KONKURS-NA-NACZELNEGO-STUDI\u00d3W-SOCJOLOGICZNYCH.pdf\">KONKURS NA NACZELNEGO STUDI\u00d3W SOCJOLOGICZNYCH<\/a><\/p>\n<p>&nbsp;<\/p>\n<p><strong>NAGRODA IM. LUDWIKA KRZYWICKIEGO &#8211; 2016<\/strong><\/p>\n<p>Uprzejmie informujemy, \u017ce zgodnie z uchwa\u0142\u0105 nr 3\/2015 zebrania plenarnego Wydzia\u0142u I Nauk Humanistycznych i Spo\u0142ecznych PAN z dn. 7 maja 2015 r.<\/p>\n<p>W 2016 roku przyznana zostanie nagroda naukowa Wydzia\u0142u m.in. z dyscypliny socjologia im. Ludwika Krzywickiego.<\/p>\n<p>O nagrod\u0119 mog\u0105 ubiega\u0107 si\u0119 prace opublikowane nie wcze\u015bniej ni\u017c w ci\u0105gu 4 lat poprzedzaj\u0105cych przyznanie nagrody (publikacje wydane w roku 2012 r. i w latach nast\u0119pnych).<\/p>\n<p>Kandydat\u00f3w do nagr\u00f3d naukowych mog\u0105 zg\u0142asza\u0107 cz\u0142onkowie komisji nagr\u00f3d, prezydia komitet\u00f3w naukowych przy Wydziale I Nauk Humanistycznych i Spo\u0142ecznych PAN oraz rady naukowe plac\u00f3wek Wydzia\u0142u.<\/p>\n<p>Prezydium Komitetu Socjologii PAN &#8211; dzia\u0142aj\u0105c w porozumieniu z ca\u0142ym Komitetem &#8211; zamierza zg\u0142osi\u0107 kandydatur\u0119 do tej nagrody.<\/p>\n<p>Co za tym idzie, czekamy na propozycje p\u0142yn\u0105ce ze strony naszego \u015brodowiska.<\/p>\n<p>Propozycje takie mo\u017cna przesy\u0142a\u0107 do ko\u0144ca sierpnia 2016 roku na adres:<\/p>\n<p>Komitet Socjologii PAN, ul. Grodzka 52, 31-044 Krak\u00f3w, z dopiskiem: Nagroda im. Ludwika Krzywickiego.<br \/>\nDo wniosku nale\u017cy za\u0142\u0105czy\u0107 egzemplarz zg\u0142aszanej pracy oraz jej recenzj\u0119\/recenzje.<\/p>\n","protected":false},"excerpt":{"rendered":"<p>KONKURS NA STANOWISKO REDAKTORA NACZELNEGO &#8222;STUDI\u00d3W SOCJOLOGICZNYCH&#8221; &#8211; 2017 Kolegium Wydawc\u00f3w og\u0142asza konkurs na stanowisko redaktora naczelnego &#8222;Studi\u00f3w Socjologicznych&#8221; na lata 2017 &#8211; 2020. Kolegium Wydawc\u00f3w zach\u0119ca socjolog\u00f3w &#8211; samodzielnych pracownik\u00f3w nauki &#8211; do sk\u0142adania ofert w terminie do 31 marca 2017 roku, poczt\u0105 na adres: Instytut Filozofii i Socjologii Polskiej Akademii Nauk ul. Nowy [&hellip;]<\/p>\n","protected":false},"author":1,"featured_media":0,"parent":12,"menu_order":4,"comment_status":"closed","ping_status":"closed","template":"","meta":{"_links_to":"","_links_to_target":""},"_links":{"self":[{"href":"https:\/\/oldkspan.pan.pl\/index.php?rest_route=\/wp\/v2\/pages\/20"}],"collection":[{"href":"https:\/\/oldkspan.pan.pl\/index.php?rest_route=\/wp\/v2\/pages"}],"about":[{"href":"https:\/\/oldkspan.pan.pl\/index.php?rest_route=\/wp\/v2\/types\/page"}],"author":[{"embeddable":true,"href":"https:\/\/oldkspan.pan.pl\/index.php?rest_route=\/wp\/v2\/users\/1"}],"replies":[{"embeddable":true,"href":"https:\/\/oldkspan.pan.pl\/index.php?rest_route=%2Fwp%2Fv2%2Fcomments&post=20"}],"version-history":[{"count":4,"href":"https:\/\/oldkspan.pan.pl\/index.php?rest_route=\/wp\/v2\/pages\/20\/revisions"}],"predecessor-version":[{"id":173,"href":"https:\/\/oldkspan.pan.pl\/index.php?rest_route=\/wp\/v2\/pages\/20\/revisions\/173"}],"up":[{"embeddable":true,"href":"https:\/\/oldkspan.pan.pl\/index.php?rest_route=\/wp\/v2\/pages\/12"}],"wp:attachment":[{"href":"https:\/\/oldkspan.pan.pl\/index.php?rest_route=%2Fwp%2Fv2%2Fmedia&parent=20"}],"curies":[{"name":"wp","href":"https:\/\/api.w.org\/{rel}","templated":true}]}}