{"id":22,"date":"2016-04-20T15:57:24","date_gmt":"2016-04-20T13:57:24","guid":{"rendered":"http:\/\/kspan.pan.pl\/?page_id=22"},"modified":"2024-07-01T19:22:09","modified_gmt":"2024-07-01T17:22:09","slug":"protokoly-posiedzen","status":"publish","type":"page","link":"https:\/\/oldkspan.pan.pl\/?page_id=22","title":{"rendered":"Protoko\u0142y posiedze\u0144"},"content":{"rendered":"\n<div class=\"wp-block-file\"><a href=\"https:\/\/kspan.pan.pl\/wp-content\/uploads\/2024\/07\/spotkanie-online-Prezydium-KS-PAN_25.06.2024_streszczenie.pdf\">spotkanie online Prezydium KS PAN w dniu 25.06.2024 r.<\/a><a href=\"https:\/\/kspan.pan.pl\/wp-content\/uploads\/2024\/07\/spotkanie-online-Prezydium-KS-PAN_25.06.2024_streszczenie.pdf\" class=\"wp-block-file__button\" download>Pobierz<\/a><\/div>\n\n\n\n<div class=\"wp-block-file\"><a href=\"https:\/\/kspan.pan.pl\/wp-content\/uploads\/2024\/07\/zebranie-Prezydium_20.05.2024_wersja_skrocona.pdf\">spotkanie online Prezydium KS PAN w dniu 20.05.2024 r.<\/a><a href=\"https:\/\/kspan.pan.pl\/wp-content\/uploads\/2024\/07\/zebranie-Prezydium_20.05.2024_wersja_skrocona.pdf\" class=\"wp-block-file__button\" download>Pobierz<\/a><\/div>\n\n\n\n<div class=\"wp-block-file\"><a href=\"https:\/\/kspan.pan.pl\/wp-content\/uploads\/2024\/07\/Protokol-z-I-posiedzenia-KS-kadencji-2024-2027.pdf\">Protok\u00f3\u0142 z I posiedzenia KS PAN w kadencji 2024-2027<\/a><a href=\"https:\/\/kspan.pan.pl\/wp-content\/uploads\/2024\/07\/Protokol-z-I-posiedzenia-KS-kadencji-2024-2027.pdf\" class=\"wp-block-file__button\" download>Pobierz<\/a><\/div>\n\n\n<p><a href=\"http:\/\/kspan.pan.pl\/wp-content\/uploads\/2016\/04\/2004-styczen.doc-2004-styczen.doc-55.50-KB.pdf\">2004 &#8211; stycze\u0144. <\/a><\/p>\n<p><a href=\"http:\/\/kspan.pan.pl\/wp-content\/uploads\/2016\/04\/2004_kwiecien.doc-2004_kwiecien.doc-51.50-KB.pdf\">2004_kwiecie\u0144 <\/a><br><a href=\"http:\/\/kspan.pan.pl\/wp-content\/uploads\/2016\/04\/2004-pazdziernik.doc-2004-pazdziernik.doc-46.50-KB.pdf\">2004 &#8211; pa\u017adziernik<\/a><br><a href=\"http:\/\/kspan.pan.pl\/wp-content\/uploads\/2016\/04\/2005-styczen.doc-2005-styczen.doc-48.50-KB.pdf\">2005 &#8211; stycze\u0144 <\/a><br><a href=\"http:\/\/kspan.pan.pl\/wp-content\/uploads\/2016\/04\/2005-kwiecien.doc-2005-kwiecien.doc-94.89-KB.pdf\">2005 &#8211; kwiecie\u0144 <\/a><br><a href=\"http:\/\/kspan.pan.pl\/wp-content\/uploads\/2016\/04\/2005-listopad.doc-2005-listopad.doc-42.00-KB.pdf\">2005 &#8211; listopad <\/a><br><a href=\"http:\/\/kspan.pan.pl\/wp-content\/uploads\/2016\/04\/2006-luty.doc-2006-luty.doc-72.00-KB.pdf\">2006 &#8211; luty <\/a><br><a href=\"http:\/\/kspan.pan.pl\/wp-content\/uploads\/2016\/04\/2006-maj.doc-2006-maj.doc-85.50-KB.pdf\">2006 &#8211; maj<\/a><br><a href=\"http:\/\/kspan.pan.pl\/wp-content\/uploads\/2016\/04\/2006-listopad.doc-2006-listopad.doc-76.00-KB.pdf\">2006 &#8211; listopad <\/a><br><a href=\"http:\/\/kspan.pan.pl\/wp-content\/uploads\/2016\/04\/2007-lipiec.doc-2007-lipiec.doc-33.00-KB.pdf\">2007 &#8211; lipiec <\/a><br><a href=\"http:\/\/kspan.pan.pl\/wp-content\/uploads\/2016\/04\/2007-listopad.doc-2007-listopad.doc-93.00-KB.pdf\">2007 &#8211; listopad <\/a><br><a href=\"http:\/\/kspan.pan.pl\/wp-content\/uploads\/2016\/04\/2008-luty.doc-2008-luty.doc-55.00-KB.pdf\">2008 &#8211; luty <\/a><br><a href=\"http:\/\/kspan.pan.pl\/wp-content\/uploads\/2016\/04\/2008-czerwiec.doc-2008-czerwiec.doc-53.50-KB.pdf\">2008 &#8211; czerwiec <\/a><br><a href=\"http:\/\/kspan.pan.pl\/wp-content\/uploads\/2016\/04\/2008_listopad.pdf-2008_listopad.pdf-189.80-KB.pdf\">2008 &nbsp;&#8211; listopad<\/a><\/p>\n<p><strong>POZOSTA\u0141E PROTOKO\u0141Y [lata 2012-2020] ZNAJDUJ\u0104 SI\u0118 W ZAK\u0141ADCE: DZIA\u0141ALNO\u015a\u0106 KOMITETU<\/strong><\/p>\n\n\n<p><\/p>\n","protected":false},"excerpt":{"rendered":"<p>2004 &#8211; stycze\u0144. 2004_kwiecie\u0144 2004 &#8211; pa\u017adziernik2005 &#8211; stycze\u0144 2005 &#8211; kwiecie\u0144 2005 &#8211; listopad 2006 &#8211; luty 2006 &#8211; maj2006 &#8211; listopad 2007 &#8211; lipiec 2007 &#8211; listopad 2008 &#8211; luty 2008 &#8211; czerwiec 2008 &nbsp;&#8211; listopad POZOSTA\u0141E PROTOKO\u0141Y [lata 2012-2020] ZNAJDUJ\u0104 SI\u0118 W ZAK\u0141ADCE: DZIA\u0141ALNO\u015a\u0106 KOMITETU<\/p>\n","protected":false},"author":2,"featured_media":0,"parent":12,"menu_order":1,"comment_status":"closed","ping_status":"closed","template":"","meta":{"_links_to":"","_links_to_target":""},"_links":{"self":[{"href":"https:\/\/oldkspan.pan.pl\/index.php?rest_route=\/wp\/v2\/pages\/22"}],"collection":[{"href":"https:\/\/oldkspan.pan.pl\/index.php?rest_route=\/wp\/v2\/pages"}],"about":[{"href":"https:\/\/oldkspan.pan.pl\/index.php?rest_route=\/wp\/v2\/types\/page"}],"author":[{"embeddable":true,"href":"https:\/\/oldkspan.pan.pl\/index.php?rest_route=\/wp\/v2\/users\/2"}],"replies":[{"embeddable":true,"href":"https:\/\/oldkspan.pan.pl\/index.php?rest_route=%2Fwp%2Fv2%2Fcomments&post=22"}],"version-history":[{"count":21,"href":"https:\/\/oldkspan.pan.pl\/index.php?rest_route=\/wp\/v2\/pages\/22\/revisions"}],"predecessor-version":[{"id":811,"href":"https:\/\/oldkspan.pan.pl\/index.php?rest_route=\/wp\/v2\/pages\/22\/revisions\/811"}],"up":[{"embeddable":true,"href":"https:\/\/oldkspan.pan.pl\/index.php?rest_route=\/wp\/v2\/pages\/12"}],"wp:attachment":[{"href":"https:\/\/oldkspan.pan.pl\/index.php?rest_route=%2Fwp%2Fv2%2Fmedia&parent=22"}],"curies":[{"name":"wp","href":"https:\/\/api.w.org\/{rel}","templated":true}]}}