{"id":24,"date":"2016-04-20T15:57:49","date_gmt":"2016-04-20T13:57:49","guid":{"rendered":"http:\/\/kspan.pan.pl\/?page_id=24"},"modified":"2024-05-09T14:09:08","modified_gmt":"2024-05-09T12:09:08","slug":"sklad-komitetu","status":"publish","type":"page","link":"https:\/\/oldkspan.pan.pl\/?page_id=24","title":{"rendered":"Sk\u0142ad Komitetu"},"content":{"rendered":"<div class=\"bd-empty-grid-item\"><\/div>\n<div class=\" bd-postcontent-3 bd-tagstyles \">\n<div class=\"bd-container-inner\">\n<p><strong>Komitet Socjologii PAN w kadencji 2020-2023<\/strong><\/p>\n<\/div>\n<p><strong>Przewodnicz\u0105cy<\/strong> &#8211; prof. dr hab. Cezary Obracht-Prondzy\u0144ski<\/p>\n<p><strong>Wiceprzewodnicz\u0105cy<\/strong> &#8211; prof. dr hab. Rafa\u0142 Drozdowski, prof. dr hab. Tomasz Szlendak<\/p>\n<p><strong>Cz\u0142onkowie Prezydium:<\/strong> prof. dr hab. Marek Kucia, prof. dr hab. Jacek Raciborski, prof dr hab. Krystyna Szafraniec<\/p>\n<\/div>\n<p><strong><span style=\"text-decoration: underline;\">Sk\u0142ad:<\/span><\/strong><\/p>\n<div class=\" bd-postcontent-3 bd-tagstyles \">\n<div class=\"bd-container-inner\">\n<ol>\n<li>prof. dr hab. Henryk Doma\u0144ski (Instytut Filozofii i Socjologii PAN)<\/li>\n<li>prof. dr hab. Rafa\u0142 Drozdowski (Wydzia\u0142 Socjologii UAM)<\/li>\n<li>prof. dr hab. Maria Flis (Instytut Socjologii UJ)<\/li>\n<li>prof. dr hab. Krzysztof Frysztacki (profesor emerytowany, Instytut Socjologii UJ)<\/li>\n<li>prof. dr hab. El\u017cbieta Ha\u0142as (Instytut Socjologii UW)<\/li>\n<li>dr hab. Honorata Jakubowska, prof. UAM (Wydzia\u0142 Socjologii UAM)<\/li>\n<li>prof. dr hab. Dariusz Jemielniak \u2013 cz\u0142. koresp. PAN (Akademia Leona Ko\u017ami\u0144skiego)<\/li>\n<li>dr hab. Micha\u0142 Kaczmarczyk, prof. UG (Instytut Socjologii UG)<\/li>\n<li>dr hab. Arkadiusz Karwacki, prof. UMK (Instytut Socjologii UMK)<\/li>\n<li>prof. dr hab. Krzysztof Konecki (Instytut Socjologii U\u0141)<\/li>\n<li>prof. dr hab. Andrzej Ko\u017ami\u0144ski \u2013 cz\u0142. koresp. PAN (Akademia Leona Ko\u017ami\u0144skiego)<\/li>\n<li>prof. dr hab. Marek Marian Kucia (Instytut Socjologii UJ)<\/li>\n<li>prof. dr hab. Zbigniew Kurcz (Instytut Socjologii UWr)<\/li>\n<li>prof. dr hab. Dominika Latusek-Jurczak \u2013 cz\u0142. AMU PAN (Akademia Leona Ko\u017ami\u0144skiego)<\/li>\n<li>dr hab. S\u0142awomir \u0141odzi\u0144ski, prof. UW (Instytut Socjologii UW)<\/li>\n<li>prof. dr hab. Miros\u0142awa Marody \u2013 cz\u0142. rzecz. PAN (Instytut Socjologii UW)<\/li>\n<li>prof. dr hab. Janusz Mucha (Instytut Socjologii UwB)<\/li>\n<li>dr hab. Tomasz Nawrocki, prof. U\u015a (Instytut Socjologii U\u015a)<\/li>\n<li>dr hab. Marcjanna N\u00f3\u017cka, prof. UJ (Instytut Socjologii UJ)<\/li>\n<li>prof. dr hab. Cezary Obracht-Prondzy\u0144ski (Instytut Socjologii UG)<\/li>\n<li>dr hab. Krzysztof Podemski, prof. UAM (Wydzia\u0142 Socjologii UAM)<\/li>\n<li>prof. dr hab. Jacek Raciborski (Instytut Socjologii UW)<\/li>\n<li>dr hab. Dorota Rancew-Sikora, prof. UG (Instytut Socjologii UG)<\/li>\n<li>prof. dr hab. Andrzej Rychard \u2013 cz\u0142. koresp. PAN (Instytut Filozofii i Socjologii PAN)<\/li>\n<li>prof. dr hab. Krystyna Slany (Instytut Socjologii UJ)<\/li>\n<li>prof. dr hab. Kazimierz M. S\u0142omczy\u0144ski (Instytut Filozofii i Socjologii PAN)<\/li>\n<li>prof. dr hab. Antoni Su\u0142ek \u2013 cz\u0142. koresp. PAN (Instytut Socjologii UW)<\/li>\n<li>prof. dr hab. Krystyna Szafraniec (Instytut Socjologii UMK)<\/li>\n<li>prof. dr hab. Tomasz Szlendak (Instytut Socjologii UMK)<\/li>\n<li>prof. dr hab. Marek Szczepa\u0144ski \u2013 cz\u0142. koresp. PAN (Instytut Socjologii U\u015a)<\/li>\n<li>prof. dr hab. Piotr Sztompka \u2013 cz\u0142. rzecz. PAN (profesor emerytowany, Instytut Socjologii UJ)<\/li>\n<li>prof. dr hab. Anna \u015aliz (Instytut Socjologii. UO)<\/li>\n<li>prof. dr hab. Wojciech \u015awi\u0105tkiewicz (Instytut Socjologii U\u015a)<\/li>\n<li>prof. dr hab. Kazimiera W\u00f3dz (Instytut Socjologii U\u015a)<\/li>\n<li>prof. dr hab. Tomasz Zarycki (Instytut Studi\u00f3w Spo\u0142ecznych UW)<\/li>\n<li>dr hab. Maria Zieli\u0144ska, prof. UZ (Instytut Socjologii UZ)<\/li>\n<li>prof. dr hab. Marek Zi\u00f3\u0142kowski (Wydzia\u0142 Socjologii UAM)<\/li>\n<li>dr hab. Andrzej Zybertowicz, prof. UMK (Instytut Socjologii UMK)<\/li>\n<\/ol>\n<\/div>\n<\/div>\n<p><strong>SK\u0141AD KOMITETU SOCJOLOGII PAN w kadencji 2012-2015<\/strong><\/p>\n<p><strong>PREZYDIUM <\/strong><\/p>\n<p><strong><em>Przewodnicz\u0105cy: <\/em><\/strong><\/p>\n<p>prof. dr hab. Krzysztof FRYSZTACKI<\/p>\n<p><strong>Z<em>ast\u0119pcy przewodnicz\u0105cego: <\/em><\/strong><\/p>\n<p>prof. dr hab. Janusz MARIA\u0143SKI<\/p>\n<p>prof. dr hab. Antoni SU\u0141EK<\/p>\n<p><strong><em>Cz\u0142onkowie prezydium:<\/em><\/strong><\/p>\n<p>dr hab. Barbara FATYGA, prof. UW<\/p>\n<p>prof. dr hab. Krzysztof KONECKI<\/p>\n<p>prof. dr hab. El\u017cbieta TARKOWSKA <em>\u00a0<\/em><\/p>\n<p><strong><em>Sekretarz naukowy: <\/em><\/strong><\/p>\n<p>prof. dr hab. Marek S. SZCZEPA\u0143SKI<\/p>\n<p><b>CZ\u0141ONKOWIE KOMITETU SOCJOLOGII<\/b><\/p>\n<ol>\n<li>Prof. dr hab. Zygmunt BAUMAN<\/li>\n<li>Prof. dr hab. Zbigniew BOKSZA\u0143SKI<\/li>\n<li>Prof. dr hab. Miros\u0142aw CHA\u0141UBI\u0143SKI<\/li>\n<li>Prof. dr hab. Henryk DOMA\u0143SKI \u2013 <em>Instytut Filozofii i Socjologii PAN, <\/em><\/li>\n<li>Prof. dr hab. Leon DYCZEWSKI<\/li>\n<li>Prof. dr hab. Piotr GLI\u0143SKI \u2013 <em>Instytut Filozofii i Socjologii PAN, <\/em><\/li>\n<li>Prof. dr hab. Krzysztof GORLACH<\/li>\n<li>Prof. dr hab. Dariusz JEMIELNIAK &#8211; <em>cz\u0142onek Akademii M\u0142odych Uczonych PAN<\/em><\/li>\n<li>dr hab. Andrzej KOJDER, prof. UW<\/li>\n<li>Prof. dr hab. Lena KOLARSKA-BOBI\u0143SKA<\/li>\n<li>Prof. dr hab. Zdzis\u0142aw KRASNOD\u0118BSKI<\/li>\n<li>Prof. dr hab. Ireneusz KRZEMI\u0143SKI<\/li>\n<li>Prof. dr hab. Hieronim KUBIAK<\/li>\n<li>Prof. dr hab. Joanna KURCZEWSKA &#8211; <em>Instytut Filozofii i Socjologii PAN,<\/em><\/li>\n<li>Prof. dr hab. Andrzej KWILECKI &#8211; cz\u0142onek honorowy<\/li>\n<li><strong>cz\u0142. rzecz. PAN,\u00a0<\/strong>Prof. dr hab. W\u0142adys\u0142aw MARKIEWICZ<\/li>\n<li><strong>cz\u0142. koresp. PAN,<\/strong> Prof. dr hab. Miros\u0142awa MARODY<\/li>\n<li>Prof. dr hab. Janusz MUCHA<\/li>\n<li>Prof. dr hab. Jacek RACIBORSKI<\/li>\n<li>Prof. dr hab. Andrzej RYCHARD &#8211; <em>Instytut Filozofii i Socjologii PAN,<\/em><\/li>\n<li><strong>cz\u0142. rzecz. PAN<\/strong> Prof. dr hab. Jerzy SZACKI<\/li>\n<li><strong>cz\u0142. rzecz. PAN<\/strong> Prof. dr hab. Piotr SZTOMPKA<\/li>\n<li>Prof. dr hab. Wojciech \u015aWI\u0104TKIEWICZ<\/li>\n<li><strong>cz\u0142. rzecz. PAN <\/strong>Prof. dr hab. Stanis\u0142aw TABACZY\u0143SKI \u2013 <em>Instytut Archeologii i Etnologii PAN<\/em><\/li>\n<li>Prof. dr hab. Edmund Wnuk-Lipi\u0144ski &#8211; <em>Instytut Studi\u00f3w Politycznych PAN<\/em><\/li>\n<li>Prof. dr hab. Marek ZI\u00d3\u0141KOWSKI<\/li>\n<li>dr hab. Andrzej ZYBERTOWICZ, prof. UMK<\/li>\n<\/ol>\n<table style=\"height: 15px;\" width=\"5\">\n<tbody>\n<tr>\n<td><\/td>\n<\/tr>\n<\/tbody>\n<\/table>\n","protected":false},"excerpt":{"rendered":"<p>Komitet Socjologii PAN w kadencji 2020-2023 Przewodnicz\u0105cy &#8211; prof. dr hab. Cezary Obracht-Prondzy\u0144ski Wiceprzewodnicz\u0105cy &#8211; prof. dr hab. Rafa\u0142 Drozdowski, prof. dr hab. Tomasz Szlendak Cz\u0142onkowie Prezydium: prof. dr hab. Marek Kucia, prof. dr hab. Jacek Raciborski, prof dr hab. Krystyna Szafraniec Sk\u0142ad: prof. dr hab. Henryk Doma\u0144ski (Instytut Filozofii i Socjologii PAN) prof. dr [&hellip;]<\/p>\n","protected":false},"author":1,"featured_media":0,"parent":20,"menu_order":2,"comment_status":"closed","ping_status":"closed","template":"","meta":{"_links_to":"","_links_to_target":""},"_links":{"self":[{"href":"https:\/\/oldkspan.pan.pl\/index.php?rest_route=\/wp\/v2\/pages\/24"}],"collection":[{"href":"https:\/\/oldkspan.pan.pl\/index.php?rest_route=\/wp\/v2\/pages"}],"about":[{"href":"https:\/\/oldkspan.pan.pl\/index.php?rest_route=\/wp\/v2\/types\/page"}],"author":[{"embeddable":true,"href":"https:\/\/oldkspan.pan.pl\/index.php?rest_route=\/wp\/v2\/users\/1"}],"replies":[{"embeddable":true,"href":"https:\/\/oldkspan.pan.pl\/index.php?rest_route=%2Fwp%2Fv2%2Fcomments&post=24"}],"version-history":[{"count":5,"href":"https:\/\/oldkspan.pan.pl\/index.php?rest_route=\/wp\/v2\/pages\/24\/revisions"}],"predecessor-version":[{"id":693,"href":"https:\/\/oldkspan.pan.pl\/index.php?rest_route=\/wp\/v2\/pages\/24\/revisions\/693"}],"up":[{"embeddable":true,"href":"https:\/\/oldkspan.pan.pl\/index.php?rest_route=\/wp\/v2\/pages\/20"}],"wp:attachment":[{"href":"https:\/\/oldkspan.pan.pl\/index.php?rest_route=%2Fwp%2Fv2%2Fmedia&parent=24"}],"curies":[{"name":"wp","href":"https:\/\/api.w.org\/{rel}","templated":true}]}}