{"id":28,"date":"2016-04-20T15:59:43","date_gmt":"2016-04-20T13:59:43","guid":{"rendered":"http:\/\/kspan.pan.pl\/?page_id=28"},"modified":"2020-12-30T12:04:18","modified_gmt":"2020-12-30T11:04:18","slug":"linki","status":"publish","type":"page","link":"https:\/\/oldkspan.pan.pl\/?page_id=28","title":{"rendered":"Linki"},"content":{"rendered":"<h1>Przydatne odno\u015bniki<\/h1>\n<ul>\n<li><a href=\"https:\/\/pan.pl\/\" target=\"_blank\" rel=\"noopener noreferrer\">Polska Akademia Nauk<\/a><\/li>\n<li><a href=\"https:\/\/pts.org.pl\/\" target=\"_blank\" rel=\"noopener noreferrer\">Polskie Towarzystwo Socjologiczne<\/a><\/li>\n<li><a href=\"https:\/\/www.europeansociology.org\/\" target=\"_blank\" rel=\"noopener noreferrer\">European Sociological Associatio<\/a>n<\/li>\n<li><a href=\"https:\/\/www.gov.pl\/web\/nauka\/\" target=\"_blank\" rel=\"noopener noreferrer\">Ministerstwo Nauki i Szkolnictwa Wy\u017cszego<\/a><\/li>\n<\/ul>\n<h1>Instytuty Socjologii w Polsce:<\/h1>\n<ul>\n<li><a href=\"https:\/\/www.civitas.edu.pl\/pl\/\" target=\"_blank\" rel=\"noopener noreferrer\">Collegium Civitas Warszawa<\/a><\/li>\n<li><a href=\"https:\/\/www.kul.pl\/o-instytucie,11136.html\" target=\"_blank\" rel=\"noopener noreferrer\">Katolicki Uniwersytet Lubelski<\/a><\/li>\n<li><a href=\"https:\/\/www.swps.pl\/nauka-i-badania\/instytuty-naukowe\/instytut-nauk-spolecznych\" target=\"_blank\" rel=\"noopener noreferrer\">Uniwersytet Szko\u0142a Wy\u017csza Psychologii Spo\u0142ecznej Warszawa<\/a><\/li>\n<li><a href=\"http:\/\/www.isns.uw.edu.pl\/index.php\" target=\"_blank\" rel=\"noopener noreferrer\">Instytut Stosowanych Nauk Spo\u0142ecznych UW Warszawa<\/a><\/li>\n<li><a href=\"https:\/\/wse.uksw.edu.pl\/?page_id=40\" target=\"_blank\" rel=\"noopener noreferrer\">Uniwersytet im. Kardyna\u0142a Stefana Wyszy\u0144skiego Warszawa<\/a><\/li>\n<li><a href=\"https:\/\/www.umcs.pl\/pl\/wydzial-filozofii-i-socjologii-umcs-w-lublinie,44.htm\" target=\"_blank\" rel=\"noopener noreferrer\">Uniwersytet im. Marii Curie-Sk\u0142odowskiej Lublin<\/a><\/li>\n<li><a href=\"https:\/\/soc.uwb.edu.pl\/pl\/\" target=\"_blank\" rel=\"noopener noreferrer\">Uniwersytet w Bia\u0142ymstoku<\/a><\/li>\n<li><a href=\"https:\/\/wns.ug.edu.pl\/wydzial\/instytuty_wns\/instytut_socjologii\" target=\"_blank\" rel=\"noopener noreferrer\">Uniwersytet Gda\u0144ski<\/a><\/li>\n<li><a href=\"https:\/\/us.edu.pl\/wydzial\/wns\/instytut-socjologii\/\" target=\"_blank\" rel=\"noopener noreferrer\">Uniwersytet \u015al\u0105ski Katowice<\/a><\/li>\n<li><a href=\"https:\/\/socjologia.uj.edu.pl\/start\" target=\"_blank\" rel=\"noopener noreferrer\">Uniwersytet Jagiello\u0144ski Krak\u00f3w<\/a><\/li>\n<li><a href=\"http:\/\/instytutsocjologii.uni.lodz.pl\/\" target=\"_blank\" rel=\"noopener noreferrer\">Uniwersytet \u0141\u00f3dzki<\/a><\/li>\n<li><a href=\"http:\/\/uwm.edu.pl\/socjologia\/\" target=\"_blank\" rel=\"noopener noreferrer\">Uniwersytet Warmi\u0144sko-Mazurski Olsztyn<\/a><\/li>\n<li><a href=\"http:\/\/socjologia.amu.edu.pl\/\" target=\"_blank\" rel=\"noopener noreferrer\">Uniwersytet im. Adama Mickiewicza Pozna\u0144<\/a><\/li>\n<li><a href=\"http:\/\/www.is.ur.edu.pl\/\" target=\"_blank\" rel=\"noopener noreferrer\">Uniwersytet Rzeszowski<\/a><\/li>\n<li><a href=\"https:\/\/soc.usz.edu.pl\/\" target=\"_blank\" rel=\"noopener noreferrer\">Uniwersytet Szczeci\u0144ski<\/a><\/li>\n<li><a href=\"https:\/\/www.soc.umk.pl\/\" target=\"_blank\" rel=\"noopener noreferrer\">Uniwersytet im. Miko\u0142aja Kopernika Toru\u0144\u00a0<\/a><\/li>\n<li><a href=\"https:\/\/www.is.uw.edu.pl\/pl\/\" target=\"_blank\" rel=\"noopener noreferrer\">Uniwersytet Warszawski<\/a><\/li>\n<li><a href=\"https:\/\/www.socjologia.uni.wroc.pl\/\" target=\"_blank\" rel=\"noopener noreferrer\">Uniwersytet Wroc\u0142awski<\/a><\/li>\n<li><a href=\"http:\/\/www.socjologia.wns.uz.zgora.pl\/\" target=\"_blank\" rel=\"noopener noreferrer\">Uniwersytet Zielonog\u00f3rski\u00a0<\/a><\/li>\n<\/ul>\n","protected":false},"excerpt":{"rendered":"<p>Przydatne odno\u015bniki Polska Akademia Nauk Polskie Towarzystwo Socjologiczne European Sociological Association Ministerstwo Nauki i Szkolnictwa Wy\u017cszego Instytuty Socjologii w Polsce: Collegium Civitas Warszawa Katolicki Uniwersytet Lubelski Uniwersytet Szko\u0142a Wy\u017csza Psychologii Spo\u0142ecznej Warszawa Instytut Stosowanych Nauk Spo\u0142ecznych UW Warszawa Uniwersytet im. Kardyna\u0142a Stefana Wyszy\u0144skiego Warszawa Uniwersytet im. Marii Curie-Sk\u0142odowskiej Lublin Uniwersytet w Bia\u0142ymstoku Uniwersytet Gda\u0144ski Uniwersytet [&hellip;]<\/p>\n","protected":false},"author":1,"featured_media":0,"parent":0,"menu_order":5,"comment_status":"closed","ping_status":"closed","template":"","meta":{"_links_to":"","_links_to_target":""},"_links":{"self":[{"href":"https:\/\/oldkspan.pan.pl\/index.php?rest_route=\/wp\/v2\/pages\/28"}],"collection":[{"href":"https:\/\/oldkspan.pan.pl\/index.php?rest_route=\/wp\/v2\/pages"}],"about":[{"href":"https:\/\/oldkspan.pan.pl\/index.php?rest_route=\/wp\/v2\/types\/page"}],"author":[{"embeddable":true,"href":"https:\/\/oldkspan.pan.pl\/index.php?rest_route=\/wp\/v2\/users\/1"}],"replies":[{"embeddable":true,"href":"https:\/\/oldkspan.pan.pl\/index.php?rest_route=%2Fwp%2Fv2%2Fcomments&post=28"}],"version-history":[{"count":5,"href":"https:\/\/oldkspan.pan.pl\/index.php?rest_route=\/wp\/v2\/pages\/28\/revisions"}],"predecessor-version":[{"id":563,"href":"https:\/\/oldkspan.pan.pl\/index.php?rest_route=\/wp\/v2\/pages\/28\/revisions\/563"}],"wp:attachment":[{"href":"https:\/\/oldkspan.pan.pl\/index.php?rest_route=%2Fwp%2Fv2%2Fmedia&parent=28"}],"curies":[{"name":"wp","href":"https:\/\/api.w.org\/{rel}","templated":true}]}}