{"id":30,"date":"2016-04-20T15:59:31","date_gmt":"2016-04-20T13:59:31","guid":{"rendered":"http:\/\/kspan.pan.pl\/?page_id=30"},"modified":"2024-06-16T14:25:05","modified_gmt":"2024-06-16T12:25:05","slug":"repozytorium","status":"publish","type":"page","link":"https:\/\/oldkspan.pan.pl\/?page_id=30","title":{"rendered":"Repozytorium: socjologowie i socjolo\u017cki o socjologii"},"content":{"rendered":"<p>W kontek\u015bcie zbli\u017caj\u0105cego si\u0119 Og\u00f3lnopolskiego Zjazdu Socjologicznego 2025 w Bia\u0142ymstoku przypominamy wyniki ankiety &#8222;Sami o sobie&#8221; towarzysz\u0105cej Zjazdowi 2022 roku w Warszawie, opublikowane w Kulturze i Spo\u0142ecze\u0144stwie 2023, 2, 231-284.<\/p>\n<p>Autorami odpowiedzi na trzy pytania o stan socjologii polskiej w kontek\u015bcie zmiany s\u0105: Izabella Bukraba-Rylska, Miko\u0142aj Cze\u015bnik, Izabela Grabowska, Micha\u0142 Kaczmarczyk, Maciej Kowalewski, Lucjan Mi\u015b, Magdalena Nowicka-Franczak, Andrzej S\u0142abo\u0144, Marek S. Szczepa\u0144ski, Anna \u015aliz i Krzysztof Konecki<\/p>\n\n\n<div class=\"wp-block-file\"><a href=\"https:\/\/kspan.pan.pl\/wp-content\/uploads\/2024\/06\/tkupieckiKiS.2023.67.2.Sami-o-sobie-2.pdf\">Socjologowie i socjolo\u017cki &#8222;Sami o sobie&#8221; w 2022 roku <\/a><a href=\"https:\/\/kspan.pan.pl\/wp-content\/uploads\/2024\/06\/tkupieckiKiS.2023.67.2.Sami-o-sobie-2.pdf\" class=\"wp-block-file__button\" download>Pobierz<\/a><\/div>\n\n\n\n<p><strong>W Studiach Socjologicznych 2024 nr 1 ukaza\u0142y si\u0119 dwa wa\u017cne teksty dotycz\u0105ce kondycji wsp\u00f3\u0142czesnej socjologii:<\/strong><\/p>\n\n\n\n<div class=\"wp-block-file\"><a href=\"https:\/\/kspan.pan.pl\/wp-content\/uploads\/2024\/06\/jakub_piotr_barszczewski__spory_wok_____strategii_dekolonizacji_socjologii_i_odnowy_perspektywy_krytycznej.pdf\"> <br><strong>Jakub Piotr Barszczewski<\/strong>: <em>Spory wok\u00f3\u0142 strategii dekolonizacji socjologii i odnowy perspektywy krytycznej.<\/em> Studia Socjologiczne 2024, 1 (252), 27-54. [DOI: 10.24425\/sts.2024.149315]<\/a><a href=\"https:\/\/kspan.pan.pl\/wp-content\/uploads\/2024\/06\/jakub_piotr_barszczewski__spory_wok_____strategii_dekolonizacji_socjologii_i_odnowy_perspektywy_krytycznej.pdf\" class=\"wp-block-file__button\" download>Pobierz<\/a><\/div>\n\n\n\n<p>oraz<\/p>\n\n\n\n<div class=\"wp-block-file\"><a href=\"https:\/\/kspan.pan.pl\/wp-content\/uploads\/2024\/06\/konrad_kulikowski__negatywne_oddzia__ywanie_polityki_ewaluacji_jednostek_naukowych_na_jako_____polskiej_nauki__perspektywa_mertonowskiego_etosu_naukowego.pdf\"><strong>Konrad Kulikowski: <\/strong><em>Negatywne oddzia\u0142ywanie polityki ewaluacji jednostek naukowych na jako\u015b\u0107 polskiej nauki. Perspektywa Mertonowskiego etosu naukowego<\/em>. Studia Socjologiczne 2024, 1 (252), 55-79. [DOI: 10.24425\/sts.2024.149316<\/a><a href=\"https:\/\/kspan.pan.pl\/wp-content\/uploads\/2024\/06\/konrad_kulikowski__negatywne_oddzia__ywanie_polityki_ewaluacji_jednostek_naukowych_na_jako_____polskiej_nauki__perspektywa_mertonowskiego_etosu_naukowego.pdf\" class=\"wp-block-file__button\" download>Pobierz<\/a><\/div>\n\n\n<p>Ksi\u0105\u017cka warta uwagi w kontek\u015bcie socjologicznych bada\u0144 nad naukami spo\u0142ecznymi inspirowanych teori\u0105 Pierre&#8217;a Bourdieu: <strong>Tomasz Zarycki<\/strong> (red.) Polskie nauki spo\u0142eczne w kontek\u015bcie relacji w\u0142adzy i zale\u017cno\u015bci mi\u0119dzynarodowych. Wydawnictwa UW, Warszawa 2022. Autorami rozdzia\u0142\u00f3w s\u0105 opr\u00f3cz Tomasza Zaryckiego: Wiktor Marzec, Tomasz Warczok, Hanna D\u0119bska, Maria Tyl, Valentin Behr i Andrzej Turkowski <\/p>\n\n\n<div class=\"wp-block-file\"><a href=\"https:\/\/kspan.pan.pl\/wp-content\/uploads\/2024\/06\/17170_11763.pdf\">Spis tre\u015bci<\/a><a href=\"https:\/\/kspan.pan.pl\/wp-content\/uploads\/2024\/06\/17170_11763.pdf\" class=\"wp-block-file__button\" download>Pobierz<\/a><\/div>\n\n\n\n<div class=\"wp-block-file\"><a href=\"https:\/\/kspan.pan.pl\/wp-content\/uploads\/2024\/06\/tkupieckiKiS.2023.67.2.9.pdf\">Esej recenzyjny <strong>Agnieszki Kolasy-Nowak<\/strong> w Kulturze i Spo\u0142ecze\u0144stwie 2023, 2, 205-2016.<\/a><a href=\"https:\/\/kspan.pan.pl\/wp-content\/uploads\/2024\/06\/tkupieckiKiS.2023.67.2.9.pdf\" class=\"wp-block-file__button\" download>Pobierz<\/a><\/div>\n\n\n\n<p class=\"has-medium-font-size\">Zach\u0119camy do zapoznania si\u0119 z tekstem <strong>prof. Antoniego Su\u0142ka<\/strong> (2020). Socjologia II Rzeczypospolitej jako tradycja. <em>Kultura i Spo\u0142ecze\u0144stwo<\/em>,&nbsp;<em>64<\/em>(3), 109-120. [DOI: 10.35757\/KiS.2020.64.3.6]  <\/p>\n\n\n\n<div class=\"wp-block-file\"><a href=\"http:\/\/kspan.pan.pl\/wp-content\/uploads\/2021\/03\/Antoni-Su\u0142ek_KiS.2020.64.3.6-4.pdf\">Antoni Su\u0142ek_KiS.2020.64.3.6<\/a><a href=\"http:\/\/kspan.pan.pl\/wp-content\/uploads\/2021\/03\/Antoni-Su\u0142ek_KiS.2020.64.3.6-4.pdf\" class=\"wp-block-file__button\" download>Pobierz<\/a><\/div>\n\n\n\n<h5 id=\"mce_1\">Zach\u0119camy do zapoznania si\u0119 z tekstem <strong>prof. Krzysztofa T. Koneckiego<\/strong> pt. <em>Samotno\u015b\u0107 socjologa, czyli o niedo\u015bwiadczaniu tego, co podstawowe. Esej socjologiczny<\/em>, Annales Universitatis Paedagogicae Cracoviensis, Studia Sociologica 11 (2019), vol. 2, p. 205\u2013209 [DOI 10.24917\/20816642.11.2.14] <a href=\"https:\/\/www.researchgate.net\/publication\/346931103_Samotnosc_socjologa_czyli_o_niedoswiadczaniu_tego_co_podstawowe_Esej_socjologiczny\">https:\/\/www.researchgate.net\/publication\/346931103_Samotnosc_socjologa_czyli_o_niedoswiadczaniu_tego_co_podstawowe_Esej_socjologiczny<\/a><\/h5>\n\n\n\n<h5> <br>Zach\u0119camy do zapoznania si\u0119 z tekstem <strong>prof.  Kazimierza M. S\u0142omczy\u0144skiego<\/strong> pt.   <em>O nauczaniu przedmiotu \u201ewielkie struktury spo\u0142eczne\u201d dawniej i obecnie: Zaproszenie do dyskusji<\/em>,  <br>&#8222;STUDIA SOCJOLOGICZNE&#8221; 2020, nr  1 (236), s. 5\u201336 [DOI 10.24425\/sts.2020.132449]<a href=\"http:\/\/www.studiasocjologiczne.pl\/img_upl\/studia_socjologiczne_2020_nr1_s.5_36.pdf\">http:\/\/www.studiasocjologiczne.pl\/img_upl\/studia_socjologiczne_2020_nr1_s.5_36.pdf<\/a><\/h5>\n\n\n\n<h5>Zach\u0119camy do zapoznania si\u0119 z tekstem <strong>prof.  Kazimierza M. S\u0142omczy\u0144skiego<\/strong> pt.  <em>CO TO S\u0104 \u2018NAUKI SOCJOLOGICZNE\u2019 W POLSKIEJ KLASYFIKACJI DZIEDZIN I DYSCYPLIN NAUKOWYCH? ANALIZA KONSEKWENCJI DECYZJI BIUROKRATYCZNYCH<\/em>, &#8222;STUDIA SOCJOLOGICZNE&#8221; 2020, nr  3 (239), s. 187\u2013205 [DOI: 10.24425\/sts.2020.132475] <a href=\"http:\/\/www.studiasocjologiczne.pl\/img_upl\/studia_socjologiczne_2020_nr_3_s.187_205.pdf\">http:\/\/www.studiasocjologiczne.pl\/img_upl\/studia_socjologiczne_2020_nr_3_s.187_205.pdf<\/a><\/h5>\n\n\n\n<h5 id=\"mce_2\">Zach\u0119camy do zapoznania si\u0119 z tekstem <strong>prof. Krzysztofa T. Koneckiego<\/strong> pt.  <em>Uwagi na temat tego, co jest postrzegane jako wa\u017cne i niewa\u017cne w socjologii<\/em>, \u201ePrzegl\u0105d Socjologii Jako\u015bciowej\u201d 2020, 16 (2), s. 188\u2013207 [DOI: http:\/\/dx.doi.org\/10.18778\/1733-8069.16.2.11] <a href=\"http:\/\/www.qualitativesociologyreview.org\/PL\/Volume50\/PSJ_16_2_Konecki.pdf\">http:\/\/www.qualitativesociologyreview.org\/PL\/Volume50\/PSJ_16_2_Konecki.pdf<\/a><\/h5>\n\n\n\n<h5> <br>Zach\u0119camy do zapoznania si\u0119 z tekstem <strong>prof. Dariusza Jemielniaka<\/strong> pt.  SOCJOLOGIA 2.0: O POTRZEBIE \u0141\u0104CZENIA BIG DATA Z ETNOGRAFI\u0104 CYFROW\u0104, WYZWANIACH JAKO\u015aCIOWEJ SOCJOLOGII CYFROWEJ I SYSTEMATYZACJI POJ\u0118\u0106,  &#8222;STUDIA SOCJOLOGICZNE&#8221; 2018, nr 2 (229), s. 7-29 [DOI: 10.24425\/122461]  <a href=\"http:\/\/www.studiasocjologiczne.pl\/img_upl\/studia_socjologiczne_2018_nr2_s.7_29.pdf\">http:\/\/www.studiasocjologiczne.pl\/img_upl\/studia_socjologiczne_2018_nr2_s.7_29.pdf<\/a><\/h5>\n\n\n<p><strong>EKSPERTYZA KOMITETU SOCJOLOGII PAN &#8211; 2012<\/strong><\/p>\n<p>Wydana zosta\u0142a ekspertyza przygotowana przez Komitet Socjologii PAN, pod tytu\u0142em <em>Polska pocz\u0105tku XXI wieku: przemiany kulturowe i cywilizacyjne<\/em>.<\/p>\n<p>Redaktorzy naukowi: Krzysztof Frysztacki i Piotr Sztompka<\/p>\n<p><img loading=\"lazy\" class=\"alignnone size-medium wp-image-185\" src=\"http:\/\/kspan.pan.pl\/wp-content\/uploads\/2016\/04\/Ok\u0142adka_Ekspertyza-PAN-214x300.jpeg\" alt=\"Ok\u0142adka_Ekspertyza PAN\" width=\"214\" height=\"300\" srcset=\"https:\/\/oldkspan.pan.pl\/wp-content\/uploads\/2016\/04\/Ok\u0142adka_Ekspertyza-PAN-214x300.jpeg 214w, https:\/\/oldkspan.pan.pl\/wp-content\/uploads\/2016\/04\/Ok\u0142adka_Ekspertyza-PAN-768x1076.jpeg 768w, https:\/\/oldkspan.pan.pl\/wp-content\/uploads\/2016\/04\/Ok\u0142adka_Ekspertyza-PAN-731x1024.jpeg 731w, https:\/\/oldkspan.pan.pl\/wp-content\/uploads\/2016\/04\/Ok\u0142adka_Ekspertyza-PAN.jpeg 1346w\" sizes=\"(max-width: 214px) 100vw, 214px\" \/><\/p>\n<p><strong>SPIS TRE\u015aCI<\/strong><\/p>\n<p>Piotr Sztompka, Krzysztof Frysztacki \u2013 <em>Wprowadzenie<\/em><\/p>\n<p>1. PO PRZE\u0141OMIE<\/p>\n<p>Zdzis\u0142aw Mach \u2013 <em>Polska w Unii Europejskiej \u2013 integracja i europeizacja<\/em><\/p>\n<p>Maria Jarosz \u2013 <em>Beneficjenci i przegrani polskich przemian<\/em><\/p>\n<p>Andrzej Kojder \u2013 <em>Nadmiar prawa<\/em><\/p>\n<p>2. EKONOMIA<\/p>\n<p>Andrzej K. Ko\u017ami\u0144ski, Krzysztof Zag\u00f3rski \u2013 <em>Polska kultura ekonomicznego sukcesu<\/em><\/p>\n<p>Anna Wieczorkiewicz \u2013 <em>Kultura uwik\u0142ana w konsumpcj\u0119<\/em><\/p>\n<p>Wies\u0142aw Gumu\u0142a \u2013 <em>Spo\u0142ecze\u0144stwo polskie \u2013 spo\u0142ecze\u0144stwo got\u00f3wkowe<\/em><\/p>\n<p>3. KULTURA<\/p>\n<p>Marian Golka \u2013 <em>Kultura artystyczna \u2013 przemiany i wyzwania<\/em><\/p>\n<p>Ma\u0142gorzata Bogunia-Borowska \u2013 <em>Kultura codzienno\u015bci i spo\u0142eczna percepcja tre\u015bci kulturowych \u2013 konteksty analityczne i postulaty badawcze<\/em><\/p>\n<p>Tomasz Szlendak \u2013 <em>Aktywno\u015b\u0107 kulturalna w Polsce miejskiej i prowincjonalnej. Fotografie postransformacyjne<\/em><\/p>\n<p>Krzysztof Podemski \u2013 <em>Do\u015bwiadczanie \u015bwiata. Kontakty mi\u0119dzykulturowe Polak\u00f3w<\/em><\/p>\n<p>El\u017cbieta Tarkowska \u2013 <em>Ub\u00f3stwo i wykluczenie spo\u0142eczne: sytuacja i kultura<\/em><\/p>\n<p>Jacek Purchla \u2013 <em>W stron\u0119 systemu ochrony dziedzictwa \u2013 dylematy polskiej transformacji<\/em><\/p>\n<p>4. OBYWATELSKO\u015a\u0106<\/p>\n<p>Jacek Raciborski \u2013 <em>O praktykach obywatelskich Polak\u00f3w<\/em><\/p>\n<p>Zbigniew Kwieci\u0144ski \u2013 <em>Zmiany w edukacji \u2013 pr\u00f3ba bilans dw\u00f3ch dekad<\/em><\/p>\n<p>Krystyna Szafraniec \u2013 <em>Czas na m\u0142odych. O konieczno\u015bci wymiany pokoleniowej w Polsce<\/em><\/p>\n<p>5. RELIGIJNO\u015a\u0106<\/p>\n<p>Janusz Maria\u0144ski \u2013 <em>Przemiany religijno-kulturowe polskiego katolicyzmu na pocz\u0105tku XXI wieku<\/em><\/p>\n<p>Irena Borowik \u2013 <em>Religijno\u015b\u0107 w Polsce okresu transformacji \u2013 na tropach zmian<\/em><\/p>\n<p>6. CIELESNO\u015a\u0106<\/p>\n<p>Antonina Ostrowska \u2013 <em>Zdrowie i zachowania zdrowotne Polak\u00f3w na pocz\u0105tku XXI wieku<\/em><\/p>\n<p>J\u00f3zef Lipiec \u2013 <em>Sport i rekreacja w Polsce (prognoza na lata 2020 \u2013 2030)<\/em><\/p>\n<p>Janusz Mucha, \u0141ukasz Krzy\u017cowski \u2013 <em>Polska staro\u015b\u0107 na pocz\u0105tku XXI wieku<\/em><\/p>\n<p>7. PRZESTRZE\u0143<\/p>\n<p>Marek S. Szczepa\u0144ski, Anna \u015aliz \u2013 <em>Centrum-peryferie w perspektywie polskich region\u00f3w<\/em><\/p>\n<p>Izabella Bukraba-Rylska \u2013 <em>Wie\u015b czasu transformacji. Interpretacje socjologiczne<\/em><\/p>\n<p>Ewa Rewers \u2013 <em>W stron\u0119 koncepcji rozszerzonego miasta<\/em><\/p>\n<p>Zbigniew Kurcz \u2013<em> Powr\u00f3t pograniczy. Entuzjazm, normalno\u015b\u0107, problemy<\/em><\/p>\n<p>Leszek Go\u0142dyka \u2013 <em>Pogranicze polsko-niemieckie: nominalny kapitalizm \u2013 niespe\u0142niony lokalizm<\/em><\/p>\n<p><strong>Fragment wst\u0119pu, ss. 9-10.<\/strong><\/p>\n<p>\u201e\u2026 na wst\u0119pie pojawiaj\u0105 si\u0119 rozwa\u017cania okre\u015blone has\u0142em \u201ePo prze\u0142omie\u201d \u2013 ze wskazaniem na zasadnicze atrybuty polskiego uczestnictwa w Unii Europejskiej i procesach integruj\u0105cego si\u0119 kontynentu, jak r\u00f3wnie\u017c na podstawowe konsekwencje wewn\u0119trznych polskich zmian, przejawy spo\u0142ecznych sukces\u00f3w, ale i pora\u017cek, wreszcie na miejsce i funkcjonowanie prawa w naszym \u017cyciu zbiorowym. Nast\u0119pnie \u201eEkonomia\u201d, za\u015b w jej ramach watki dotycz\u0105ce polskiej kultur ekonomicznej, splot zjawisk i zwi\u0105zk\u00f3w wynikaj\u0105cych z wzor\u00f3w konsumpcji, miejsce i rola pieni\u0105dza got\u00f3wkowego w naszym spo\u0142ecze\u0144stwie. W nast\u0119pnej cz\u0119\u015bci, zatytu\u0142owanej \u201eKultura\u201d, mamy do czynienia z wachlarzem czynnik\u00f3w, pocz\u0105wszy od kultury artystycznej przez kultur\u0119 codzienno\u015bci i odbi\u00f3r tre\u015bci kulturowych, aktywno\u015b\u0107 kulturaln\u0105 i takowe do\u015bwiadczenie \u015bwiata, sko\u0144czywszy na mechanizmach i dylematach ochrony dziedzictwa narodowego. Cz\u0119\u015b\u0107 nazwana jako \u201eObywatelsko\u015b\u0107\u201d to po\u0142o\u017cenie nacisku zar\u00f3wno na praktyczne strony (nie)zaanga\u017cowania obywatelskiego, jak i na wyobra\u017caln\u0105 pod tym wzgl\u0119dem edukacj\u0119 oraz perspektywy i dynamik\u0119 generacyjn\u0105. \u201eReligijno\u015b\u0107\u201d odznacza si\u0119 wzgl\u0119dnie ca\u0142o\u015bciowymi uj\u0119ciami zmian w \u017cyciu religijnym zachodz\u0105cym w naszym kraju, w szczeg\u00f3lno\u015bci za\u015b zainteresowaniem cechami religijno-kulturowymi polskiego wsp\u00f3\u0142czesnego katolicyzmu. Wyr\u00f3\u017cnili\u015bmy tak\u017ce \u201eCielesno\u015b\u0107\u201d, a odzwierciedleniem tego wymiaru s\u0105 artyku\u0142y po\u015bwi\u0119cone zdrowiu i zachowaniom zdrowotnym, sportowi i rekreacji, ze szczeg\u00f3lnym uwzgl\u0119dnieniem interpretacji prognostycznej, oraz cechom charakterystycznym procesu starzenia si\u0119 spo\u0142ecze\u0144stwa i obrazowi polskiej staro\u015bci. Wreszcie ostatnia cz\u0119\u015b\u0107 (tak\u017ce my podkre\u015blamy: <em>last but not least<\/em>) zorganizowana zosta\u0142a wok\u00f3\u0142 kategorii \u201ePrzestrzeni\u201d, a jej sk\u0142adnikami s\u0105 studia dotycz\u0105ce&nbsp; sytuacji i w\u0142a\u015bciwo\u015bci polskich region\u00f3w przez pryzmat analizy centrum \u2013 peryferie interpretacji dotycz\u0105cych wsi oraz miasta czasu obecnego i zmiennych tendencji rysuj\u0105cych si\u0119 na pograniczach.<\/p>\n<p>Ju\u017c ten sygna\u0142, bezpo\u015brednio zakre\u015blaj\u0105cy uk\u0142ad studium, ukazuje wielow\u0105tkowo\u015b\u0107 w toku post\u0119powania oraz wyr\u00f3\u017cnianie wielu desygnat\u00f3w. Kierowali\u015bmy si\u0119 r\u00f3wnie\u017c zasad\u0105 r\u00f3\u017cnych punkt\u00f3w widzenia oraz interpretacji; poszczeg\u00f3lne zagadnienia traktowane s\u0105 jako zjawiska, procesy zmian spo\u0142ecznych, czy r\u00f3wnie\u017c problemy spo\u0142eczne. W \u015blad za nimi mog\u0142yby naturalnie pojawi\u0107 si\u0119 inne, ale dzia\u0142alno\u015b\u0107 polskich socjolog\u00f3w toczy si\u0119 nieprzerwanie i potencjalnie czytelnik ma oraz b\u0119dzie mia\u0142 do dyspozycji bardzo liczne propozycje. My oczywi\u015bcie zach\u0119camy do zainteresowania si\u0119 tutaj prezentowan\u0105\u201d.<\/p>\n<p><strong>EKSPERTYZA KOMITETU SOCJOLOGII PAN &#8211; 2015&nbsp;<\/strong><\/p>\n<p>Wydana zosta\u0142a ekspertyza przygotowana przez Komitet Socjologii PAN, pod tytu\u0142em <em>Szkolnictwo<\/em> <em>wy\u017csze, uniwersytet, kszta\u0142cenie akademickie w obliczu koniecznej zmiany<\/em>&nbsp;<i><\/i><\/p>\n<p>Redaktorzy naukowi: Marek S. Szczepa\u0144ski, Krystyna Szafraniec, Anna \u015aliz<\/p>\n<p><strong>PUBLIKACJA KOMTETU SOCJOLOGII PAN &#8211; <\/strong><strong>2017<\/strong><\/p>\n<p>Wsp\u00f3\u0142wydawca: Instytut Socjologii Uniwersytetu Jagiello\u0144skiego<\/p>\n<p><strong>Re-Imagining the City. <\/strong><strong>Municipality and Urbanity Today from a Sociological Perspective<\/strong><\/p>\n<p>red. Marta Smagacz-Poziemska , red. Krzysztof Frysztacki , red. Andrzej Bukowski<\/p>\n<p>Wydawnictwo Uniwersytetu Jagiello\u0144skiego, Krak\u00f3w 2017<\/p>\n<p><img loading=\"lazy\" class=\"alignnone size-medium wp-image-176\" src=\"http:\/\/kspan.pan.pl\/wp-content\/uploads\/2018\/01\/Re-imagining-the-city-201x300.jpg\" alt=\"Re-imagining the city\" width=\"201\" height=\"300\" srcset=\"https:\/\/oldkspan.pan.pl\/wp-content\/uploads\/2018\/01\/Re-imagining-the-city-201x300.jpg 201w, https:\/\/oldkspan.pan.pl\/wp-content\/uploads\/2018\/01\/Re-imagining-the-city.jpg 550w\" sizes=\"(max-width: 201px) 100vw, 201px\" \/><\/p>\n<p>ISBN: 978-83-233-9748-9<\/p>\n<p>Format: PDF<\/p>\n<p>Liczba stron: 352<\/p>\n<p>J\u0119zyk publikacji: Angielski\/English<\/p>\n<p><strong>Ksi\u0105\u017cka dost\u0119pna jest nieodp\u0142atnie, do pobrania ze strony<\/strong>: <a href=\"https:\/\/www.wuj.pl\/page,produkt,prodid,3101,strona,Re_Imagining_the_City,katid,332.html\">https:\/\/www.wuj.pl\/page,produkt,prodid,3101,strona,Re_Imagining_the_City,katid,332.html<\/a><\/p>\n<p>The significance and appeal of this book lies in the fact that it contains chapters which propose novel and innovative tools for analysis of the city. What is especially crucial in this publication is the highly transparent and comprehensive manner in which the authors have presented the ways by which they conducted their explorations of the metropolis. The very presence of such broad descriptions of research not only increases their credibility, but, in many places, also makes this volume a sort of manual delineating how to effectively carry out studies of the city that meet the demands of modernity. Yet another valuable aspect of this book is that it allows the reader to familiarize him or herself with inquiries \u2013 often very detailed and local studies \u2013 which it would otherwise be very difficult to access. Hence this volume becomes a forum where the most notable scholars of urban sociology meet those who are only just starting their academic careers, and where representatives of Western sociology meet those from beyond the center. Quite crucial is that the editors have managed to create such a space where these different \u2013 ideological, theoretical as well as generational \u2013 perspectives on urban research can be confronted with one another in a creative, scholarly dialogue.<\/p>\n<p><em>Z recenzji prof. dr hab. Marka Krajewskiego<\/em><\/p>\n<p>Not only the extensive range of topics covered, but, above all, the intellectual level of the chapters \u2013 as well as the multinational representation of the authors \u2013 render this a volume which will be received with great interest and thoughtful consideration by broad, international circles of readers. These will principally include sociologists, especially those studying urban issues, but also representatives of local governments. Generally speaking, this will draw persons interested in urban politics broadly understood as well as those interested in the social issues of contemporary cities and their prospects for development. This book introduces the reader to the multicolored mosaic of urban problems. It sheds light on them through the prism of various theoretical concepts and methodological approaches. Moreover, it applies the latest technologies for gathering and processing information about the cultural patterns of urban life as well as the structural identities of cities. This volume takes the reader on an intellectual journey across Europe and the United States, from Yekaterinburg to Porto, from Stockholm to Milan, to Chicago, and to other cities.<\/p>\n<p><em>Z recenzji prof. dr hab. Wojciecha \u015awi\u0105tkiewicza<\/em><\/p>\n<p><strong>PUBLIKACJA KOMITETU SOCJOLOGII PAN &#8211; 2019<\/strong><\/p>\n<p>Wsp\u00f3\u0142wydawca: Instytut Socjologii Uniwersytetu Jagiello\u0144skiego<\/p>\n<p><strong>Utopie kobiet. 100 lat praw wyborczych kobiet (1918-2018)<\/strong><\/p>\n<p>red. Krystyna Slany, Justyna Struzik, Magdalena \u015alusarczyk, Beata Kowalska, Marta Warat, Ewa Krzaklewska, Ewelina Ciaputa, Anna Ratecka, Agnieszka Kr\u00f3l<\/p>\n<p>Wydawnictwo Uniwersytetu Jagiello\u0144skiego, Krak\u00f3w 2019<\/p>\n<p><img loading=\"lazy\" class=\"alignnone  wp-image-376\" src=\"http:\/\/kspan.pan.pl\/wp-content\/uploads\/2020\/02\/utopie-kobiet600_detail-201x300.jpg\" alt=\"\" width=\"227\" height=\"339\" srcset=\"https:\/\/oldkspan.pan.pl\/wp-content\/uploads\/2020\/02\/utopie-kobiet600_detail-201x300.jpg 201w, https:\/\/oldkspan.pan.pl\/wp-content\/uploads\/2020\/02\/utopie-kobiet600_detail.jpg 450w\" sizes=\"(max-width: 227px) 100vw, 227px\" \/><\/p>\n<p>ISBN: 978-83-233-4783-5<\/p>\n<p><span style=\"display: inline !important; float: none; background-color: #ffffff; color: #191e23; cursor: text; font-family: 'Noto Serif'; font-size: 16px; font-style: normal; font-variant: normal; font-weight: 400; letter-spacing: normal; orphans: 2; text-align: left; text-decoration: none; text-indent: 0px; text-transform: none; -webkit-text-stroke-width: 0px; white-space: normal; word-spacing: 0px;\">Liczba stron: 354<\/span><\/p>\n<p>Wi\u0119cej informacji:&nbsp;<a href=\"https:\/\/wuj.pl\/ksiazka\/utopie-kobiet\">https:\/\/wuj.pl\/ksiazka\/utopie-kobiet<\/a><\/p>\n<p>Ksi\u0105\u017cka jest obszernym zbiorem tekst\u00f3w po\u015bwi\u0119conych szeroko uj\u0119tym relacjom miedzy kobieco\u015bci\u0105 w kontek\u015bcie spo\u0142ecze\u0144stwa polskiego (rozumian\u0105 jako praktyki spo\u0142eczne, to\u017csamo\u015bci, biografie, dzia\u0142ania zbiorowe itd.) a polem spo\u0142ecznych i kulturowych utopii. Cho\u0107 artyku\u0142y publikowane wt\u00f3rnie s\u0105 niezwykle r\u00f3\u017cnorodne i reprezentuj\u0105 rozmaite perspektywy badawcze, metodologiczne i epistemologiczne, to heurystyczne ramy w wi\u0119kszo\u015bci z nich wyznacza ju\u017c wspomniana, szczeg\u00f3lnie rozumiana kategoria utopii. Po pierwsze, jest ona przez autorki\/autor\u00f3w widziana nie jako ca\u0142o\u015bciowy, domkni\u0119ty plan zmiany spo\u0142ecznej, a raczej jako proces spo\u0142eczny i tw\u00f3rczy, jako powstawanie nowych porz\u0105dk\u00f3w spo\u0142ecznych, jako\u201ezmiana urzeczywistniana poprzez r\u00f3\u017cnorodne dzia\u0142ania kobiet tu i teraz&#8221;. Po drugie, gros tekst\u00f3w opiera si\u0119 na za\u0142o\u017ceniu, \u017ce \u017cadna (w tym feministyczna) utopia jako projekt totalny nie rozwi\u0105zuje wszystkich problem\u00f3w wszystkich kobiet. Z artyku\u0142\u00f3w wy\u0142ania si\u0119 dwoisto\u015b\u0107 oczekiwa\u0144 wobec utopijnych projekt\u00f3w. Z jednej strony wida\u0107 wyra\u017an\u0105 inspiracj\u0119 konstatacjami Ann Snitow i Rebekki Solnit o swoi\u015bcie rozumianym sceptycyzmie wobec utopii ruch\u00f3w kobiecych\/feministycznych pojmowanych jako projekty totalne; z drugiej za\u015b teksty daj\u0105 nadziej\u0119 na zmian\u0119, wpierw fragmentaryczn\u0105, cz\u0105stkow\u0105, kt\u00f3ra w d\u0142ugiej perspektywie mo\u017ce jednak okaza\u0107 si\u0119 znacz\u0105ca.<br><em>Z recenzji dr hab. Katarzyny Leszczy\u0144skiej<\/em><\/p>","protected":false},"excerpt":{"rendered":"<p>W kontek\u015bcie zbli\u017caj\u0105cego si\u0119 Og\u00f3lnopolskiego Zjazdu Socjologicznego 2025 w Bia\u0142ymstoku przypominamy wyniki ankiety &#8222;Sami o sobie&#8221; towarzysz\u0105cej Zjazdowi 2022 roku w Warszawie, opublikowane w Kulturze i Spo\u0142ecze\u0144stwie 2023, 2, 231-284. Autorami odpowiedzi na trzy pytania o stan socjologii polskiej w kontek\u015bcie zmiany s\u0105: Izabella Bukraba-Rylska, Miko\u0142aj Cze\u015bnik, Izabela Grabowska, Micha\u0142 Kaczmarczyk, Maciej Kowalewski, Lucjan Mi\u015b, [&hellip;]<\/p>\n","protected":false},"author":1,"featured_media":0,"parent":0,"menu_order":5,"comment_status":"closed","ping_status":"closed","template":"","meta":{"_links_to":"","_links_to_target":""},"_links":{"self":[{"href":"https:\/\/oldkspan.pan.pl\/index.php?rest_route=\/wp\/v2\/pages\/30"}],"collection":[{"href":"https:\/\/oldkspan.pan.pl\/index.php?rest_route=\/wp\/v2\/pages"}],"about":[{"href":"https:\/\/oldkspan.pan.pl\/index.php?rest_route=\/wp\/v2\/types\/page"}],"author":[{"embeddable":true,"href":"https:\/\/oldkspan.pan.pl\/index.php?rest_route=\/wp\/v2\/users\/1"}],"replies":[{"embeddable":true,"href":"https:\/\/oldkspan.pan.pl\/index.php?rest_route=%2Fwp%2Fv2%2Fcomments&post=30"}],"version-history":[{"count":26,"href":"https:\/\/oldkspan.pan.pl\/index.php?rest_route=\/wp\/v2\/pages\/30\/revisions"}],"predecessor-version":[{"id":801,"href":"https:\/\/oldkspan.pan.pl\/index.php?rest_route=\/wp\/v2\/pages\/30\/revisions\/801"}],"wp:attachment":[{"href":"https:\/\/oldkspan.pan.pl\/index.php?rest_route=%2Fwp%2Fv2%2Fmedia&parent=30"}],"curies":[{"name":"wp","href":"https:\/\/api.w.org\/{rel}","templated":true}]}}