{"id":4,"date":"2016-04-20T15:52:04","date_gmt":"2016-04-20T13:52:04","guid":{"rendered":"http:\/\/kspan.pan.pl\/?page_id=4"},"modified":"2020-11-29T18:10:51","modified_gmt":"2020-11-29T17:10:51","slug":"o-komitecie","status":"publish","type":"page","link":"https:\/\/oldkspan.pan.pl\/?page_id=4","title":{"rendered":"O komitecie"},"content":{"rendered":"<p><strong>Zakres dzia\u0142ania komitetu:<\/strong><strong>\u00a0<\/strong>dyscyplina socjologia. Komitet zosta\u0142 powo\u0142any w 1969 roku. Dzia\u0142alno\u015b\u0107 Komitetu obejmuje m.in. aktywno\u015b\u0107 wydawnicz\u0105 i konferencyjn\u0105; inicjowanie dyskusji i przedsi\u0119wzi\u0119\u0107 badawczych, zw\u0142aszcza w zakresie kluczowych problem\u00f3w spo\u0142ecznych kraju; inicjowanie dyskusji na temat najwa\u017cniejszych akt\u00f3w normatywnych, wp\u0142ywaj\u0105cych na \u017cycie spo\u0142eczne obywateli; monitorowanie stanu i standard\u00f3w edukacji socjologicznej, a w tym sposob\u00f3w uprawiania dyscypliny.<\/p>\n<p><strong>Wybitni socjolodzy zwi\u0105zani z Komitetem Socjologii <\/strong><\/p>\n<p><strong>[kadencja KS PAN 2015 &#8211; 2019]<\/strong><\/p>\n<p><strong>Profesor W\u0142adys\u0142aw Markiewicz (1920 &#8211; 2017)<\/strong><\/p>\n<p>Wybitny socjolog, dziedzinami jego zainteresowa\u0144 by\u0142y: socjologia pracy, przemys\u0142u, socjologia narodu i stosunk\u00f3w politycznych. Od 1966 roku profesor Uniwersytetu Adama Mickiewicza w Poznaniu i od 1972 roku Uniwersytetu Warszawskiego. Od 1972 roku redaktor naczelny kwartalnika <i>Studia Socjologiczne<\/i>. Wieloletni cz\u0142onek Komitetu Socjologii PAN.<\/p>\n<p><strong>Profesor Zygmunt Bauman (1925 &#8211; 2017)<\/strong><\/p>\n<p>Polski socjolog o mi\u0119dzynarodowej s\u0142awie, jeden z tw\u00f3rc\u00f3w koncepcji postmodernizmu \u2013 ponowoczesno\u015bci, p\u0142ynnej nowoczesno\u015bci, p\u00f3\u017anej nowoczesno\u015bci. Profesor nauk humanistycznych. Wieloletni cz\u0142onek Komitetu Socjologii PAN.<\/p>\n<p><strong>Profesor El\u017cbieta Tarkowska (1944 &#8211; 2016)<\/strong><\/p>\n<p>Specjalistka w zakresie socjologii ub\u00f3stwa, socjologii i antropologii czasu, socjologii kultury. Zaanga\u017cowana w dzia\u0142ania wielu instytucji i organizacji pozarz\u0105dowych. Redaktorka naczelna Kultury i Spo\u0142ecze\u0144stwa. Wieloletnia cz\u0142onkini Komitetu Socjologii PAN.<\/p>\n<p><strong>Profesor Jerzy Szacki (1929-2016)<\/strong><\/p>\n<p>Historyk my\u015bli socjologicznej, profesor nauk humanistycznych. Od 1973 profesor nadzwyczajny Uniwersytetu Warszawskiego, a od 1991 cz\u0142onek Polskiej Akademii Nauk.<\/p>\n<p><strong>Profesor Leon Dyczewski (1936-2016)<\/strong><\/p>\n<p>Katolicki duchowny, filozof, socjolog. Od 1984 roku kierownik Katedry Socjologii Kultury KUL. Cz\u0142onek Komitetu Socjologii PAN.<sup id=\"cite_ref-kul.pl_4-4\" class=\"reference\"><\/sup><\/p>\n","protected":false},"excerpt":{"rendered":"<p>Zakres dzia\u0142ania komitetu:\u00a0dyscyplina socjologia. Komitet zosta\u0142 powo\u0142any w 1969 roku. Dzia\u0142alno\u015b\u0107 Komitetu obejmuje m.in. aktywno\u015b\u0107 wydawnicz\u0105 i konferencyjn\u0105; inicjowanie dyskusji i przedsi\u0119wzi\u0119\u0107 badawczych, zw\u0142aszcza w zakresie kluczowych problem\u00f3w spo\u0142ecznych kraju; inicjowanie dyskusji na temat najwa\u017cniejszych akt\u00f3w normatywnych, wp\u0142ywaj\u0105cych na \u017cycie spo\u0142eczne obywateli; monitorowanie stanu i standard\u00f3w edukacji socjologicznej, a w tym sposob\u00f3w uprawiania dyscypliny. Wybitni [&hellip;]<\/p>\n","protected":false},"author":1,"featured_media":0,"parent":0,"menu_order":1,"comment_status":"closed","ping_status":"closed","template":"","meta":{"_links_to":"","_links_to_target":""},"_links":{"self":[{"href":"https:\/\/oldkspan.pan.pl\/index.php?rest_route=\/wp\/v2\/pages\/4"}],"collection":[{"href":"https:\/\/oldkspan.pan.pl\/index.php?rest_route=\/wp\/v2\/pages"}],"about":[{"href":"https:\/\/oldkspan.pan.pl\/index.php?rest_route=\/wp\/v2\/types\/page"}],"author":[{"embeddable":true,"href":"https:\/\/oldkspan.pan.pl\/index.php?rest_route=\/wp\/v2\/users\/1"}],"replies":[{"embeddable":true,"href":"https:\/\/oldkspan.pan.pl\/index.php?rest_route=%2Fwp%2Fv2%2Fcomments&post=4"}],"version-history":[{"count":9,"href":"https:\/\/oldkspan.pan.pl\/index.php?rest_route=\/wp\/v2\/pages\/4\/revisions"}],"predecessor-version":[{"id":456,"href":"https:\/\/oldkspan.pan.pl\/index.php?rest_route=\/wp\/v2\/pages\/4\/revisions\/456"}],"wp:attachment":[{"href":"https:\/\/oldkspan.pan.pl\/index.php?rest_route=%2Fwp%2Fv2%2Fmedia&parent=4"}],"curies":[{"name":"wp","href":"https:\/\/api.w.org\/{rel}","templated":true}]}}